{"id":38,"date":"2022-10-09T08:52:14","date_gmt":"2022-10-09T08:52:14","guid":{"rendered":"https:\/\/hundefotos.dk\/?page_id=38"},"modified":"2025-04-25T11:17:25","modified_gmt":"2025-04-25T11:17:25","slug":"velkommen","status":"publish","type":"page","link":"https:\/\/hundefotos.dk\/","title":{"rendered":"Forside"},"content":{"rendered":"\r\n<p>P\u00e5 denne side vil du kunne se et udvalg af mine dyreportr\u00e6tter.<br \/>Klik p\u00e5 menuerne foroven for at se de forskellige billeder.<\/p>\r\n<p><strong>Siden er under rekonstruktion og vises muligvis ikke korrekt.<\/strong><\/p>\r\n<p><img loading=\"lazy\" decoding=\"async\" class=\" wp-image-107 alignleft\" src=\"https:\/\/hundefotos.dk\/wp-content\/uploads\/2022\/10\/AOHF8560-200x300.jpg\" alt=\"\" width=\"247\" height=\"371\" srcset=\"https:\/\/hundefotos.dk\/wp-content\/uploads\/2022\/10\/AOHF8560-200x300.jpg 200w, https:\/\/hundefotos.dk\/wp-content\/uploads\/2022\/10\/AOHF8560-682x1024.jpg 682w, https:\/\/hundefotos.dk\/wp-content\/uploads\/2022\/10\/AOHF8560-768x1154.jpg 768w, https:\/\/hundefotos.dk\/wp-content\/uploads\/2022\/10\/AOHF8560-1023x1536.jpg 1023w, https:\/\/hundefotos.dk\/wp-content\/uploads\/2022\/10\/AOHF8560-1363x2048.jpg 1363w, https:\/\/hundefotos.dk\/wp-content\/uploads\/2022\/10\/AOHF8560-1140x1712.jpg 1140w, https:\/\/hundefotos.dk\/wp-content\/uploads\/2022\/10\/AOHF8560-scaled.jpg 1704w\" sizes=\"auto, (max-width: 247px) 100vw, 247px\" \/>\u00a0<\/p>\r\n<p>&nbsp;<\/p>\r\n","protected":false},"excerpt":{"rendered":"<p>P\u00e5 denne side vil du kunne se et udvalg af mine dyreportr\u00e6tter.Klik p\u00e5 menuerne foroven for at se de forskellige billeder. Siden er under rekonstruktion og vises muligvis ikke korrekt. \u00a0 &nbsp;<\/p>\n","protected":false},"author":1,"featured_media":0,"parent":0,"menu_order":0,"comment_status":"closed","ping_status":"closed","template":"","meta":{"footnotes":""},"class_list":["post-38","page","type-page","status-publish","hentry"],"acf":[],"_links":{"self":[{"href":"https:\/\/hundefotos.dk\/index.php?rest_route=\/wp\/v2\/pages\/38","targetHints":{"allow":["GET"]}}],"collection":[{"href":"https:\/\/hundefotos.dk\/index.php?rest_route=\/wp\/v2\/pages"}],"about":[{"href":"https:\/\/hundefotos.dk\/index.php?rest_route=\/wp\/v2\/types\/page"}],"author":[{"embeddable":true,"href":"https:\/\/hundefotos.dk\/index.php?rest_route=\/wp\/v2\/users\/1"}],"replies":[{"embeddable":true,"href":"https:\/\/hundefotos.dk\/index.php?rest_route=%2Fwp%2Fv2%2Fcomments&post=38"}],"version-history":[{"count":23,"href":"https:\/\/hundefotos.dk\/index.php?rest_route=\/wp\/v2\/pages\/38\/revisions"}],"predecessor-version":[{"id":147,"href":"https:\/\/hundefotos.dk\/index.php?rest_route=\/wp\/v2\/pages\/38\/revisions\/147"}],"wp:attachment":[{"href":"https:\/\/hundefotos.dk\/index.php?rest_route=%2Fwp%2Fv2%2Fmedia&parent=38"}],"curies":[{"name":"wp","href":"https:\/\/api.w.org\/{rel}","templated":true}]}}